{"id":50,"date":"2011-04-13T16:23:07","date_gmt":"2011-04-13T20:23:07","guid":{"rendered":"http:\/\/www.escalando.org\/anticristo\/?page_id=50"},"modified":"2025-01-19T20:18:23","modified_gmt":"2025-01-20T00:18:23","slug":"pagina-inicio","status":"publish","type":"page","link":"https:\/\/www.escalando.org\/anticristo\/","title":{"rendered":"La Columna del Anticristo"},"content":{"rendered":"\n[et_pb_section fb_built=&#8221;1&#8243; admin_label=&#8221;section&#8221; _builder_version=&#8221;4.12.0&#8243; background_color=&#8221;RGBA(0,0,0,0)&#8221; background_image=&#8221;https:\/\/www.escalando.org\/anticristo\/wp-content\/uploads\/2021\/11\/mp-sprite-content-bg.png&#8221; background_size=&#8221;contain&#8221; background_position=&#8221;top_center&#8221; background_repeat=&#8221;repeat&#8221; custom_margin=&#8221;70px|15%||15%|false|false&#8221; custom_margin_tablet=&#8221;70px|15%||15%|false|false&#8221; custom_margin_phone=&#8221;70px|0%||0%|false|false&#8221; custom_margin_last_edited=&#8221;on|phone&#8221; custom_padding=&#8221;|0px||0px|false|false&#8221; global_colors_info=&#8221;{}&#8221;][et_pb_row _builder_version=&#8221;4.12.0&#8243; _module_preset=&#8221;default&#8221; background_enable_image=&#8221;off&#8221; width=&#8221;100%&#8221; max_width=&#8221;100%&#8221; custom_margin=&#8221;-83px|0px||0px|false|false&#8221; custom_padding=&#8221;|0px|4px|0px|false|false&#8221; global_colors_info=&#8221;{}&#8221;][et_pb_column type=&#8221;4_4&#8243; _builder_version=&#8221;4.12.0&#8243; _module_preset=&#8221;default&#8221; global_colors_info=&#8221;{}&#8221;][et_pb_image src=&#8221;https:\/\/www.escalando.org\/anticristo\/wp-content\/uploads\/2021\/11\/cabecera3-1.jpg&#8221; title_text=&#8221;cabecera3&#8243; force_fullwidth=&#8221;on&#8221; disabled_on=&#8221;on|off|off&#8221; _builder_version=&#8221;4.12.0&#8243; _module_preset=&#8221;default&#8221; custom_padding=&#8221;10px|22px||17px|false|false&#8221; global_colors_info=&#8221;{}&#8221;][\/et_pb_image][\/et_pb_column][\/et_pb_row][et_pb_row _builder_version=&#8221;4.12.0&#8243; _module_preset=&#8221;default&#8221; background_enable_image=&#8221;off&#8221; width=&#8221;100%&#8221; max_width=&#8221;100%&#8221; custom_margin=&#8221;-83px|0px||0px|false|false&#8221; custom_padding=&#8221;|0px|4px|0px|false|false&#8221; global_colors_info=&#8221;{}&#8221;][et_pb_column type=&#8221;4_4&#8243; _builder_version=&#8221;4.12.0&#8243; _module_preset=&#8221;default&#8221; global_colors_info=&#8221;{}&#8221;][et_pb_image src=&#8221;https:\/\/www.escalando.org\/anticristo\/wp-content\/uploads\/2021\/11\/cabecera-m.jpg&#8221; title_text=&#8221;cabecera-m&#8221; force_fullwidth=&#8221;on&#8221; disabled_on=&#8221;off|on|on&#8221; _builder_version=&#8221;4.12.0&#8243; _module_preset=&#8221;default&#8221; custom_padding=&#8221;10px|22px||17px|false|false&#8221; custom_padding_tablet=&#8221;10px|22px||17px|false|false&#8221; custom_padding_phone=&#8221;10px|0px||0px|false|false&#8221; custom_padding_last_edited=&#8221;on|phone&#8221; global_colors_info=&#8221;{}&#8221;][\/et_pb_image][\/et_pb_column][\/et_pb_row][et_pb_row _builder_version=&#8221;4.12.0&#8243; _module_preset=&#8221;default&#8221; width=&#8221;90%&#8221; custom_padding=&#8221;||||false|false&#8221; global_colors_info=&#8221;{}&#8221;][et_pb_column type=&#8221;4_4&#8243; _builder_version=&#8221;4.12.0&#8243; _module_preset=&#8221;default&#8221; global_colors_info=&#8221;{}&#8221;][et_pb_text _builder_version=&#8221;4.12.0&#8243; _module_preset=&#8221;default&#8221; background_enable_image=&#8221;off&#8221; custom_margin=&#8221;||||false|false&#8221; custom_margin_tablet=&#8221;||||false|false&#8221; custom_margin_phone=&#8221;||-80px||false|false&#8221; custom_margin_last_edited=&#8221;on|phone&#8221; custom_padding=&#8221;60px|30px|0px|0px|false|false&#8221; custom_padding_tablet=&#8221;60px|30px|0px|0px|false|false&#8221; custom_padding_phone=&#8221;0px||0px||false|false&#8221; custom_padding_last_edited=&#8221;on|phone&#8221; global_colors_info=&#8221;{}&#8221;]<h1>La Columna del Anticristo<\/h1>[\/et_pb_text][\/et_pb_column][\/et_pb_row][et_pb_row column_structure=&#8221;3_4,1_4&#8243; admin_label=&#8221;row&#8221; _builder_version=&#8221;4.12.0&#8243; background_enable_image=&#8221;off&#8221; background_size=&#8221;contain&#8221; background_position=&#8221;top_left&#8221; background_repeat=&#8221;repeat-y&#8221; width=&#8221;90%&#8221; custom_margin=&#8221;-30px|auto||auto|false|false&#8221; custom_padding=&#8221;0px||15px||false|false&#8221; global_colors_info=&#8221;{}&#8221;][et_pb_column type=&#8221;3_4&#8243; _builder_version=&#8221;3.25&#8243; custom_padding=&#8221;|||&#8221; global_colors_info=&#8221;{}&#8221; custom_padding__hover=&#8221;|||&#8221;][et_pb_text admin_label=&#8221;Text&#8221; _builder_version=&#8221;4.12.0&#8243; background_size=&#8221;initial&#8221; background_position=&#8221;top_left&#8221; background_repeat=&#8221;repeat&#8221; custom_margin=&#8221;41px||||false|false&#8221; custom_margin_tablet=&#8221;112px|||||&#8221; custom_margin_phone=&#8221;|10px|||false|false&#8221; custom_margin_last_edited=&#8221;on|phone&#8221; custom_padding=&#8221;|0px|||false|false&#8221; global_colors_info=&#8221;{}&#8221;]<hr \/>\n<p>&nbsp;<\/p>\n<blockquote>\n<div class=\"Referencia\">&#8220;Porque hemos tenido zillones de oportunidades en el pasado para transmitir correctamente los fundamentos de nuestro \u201chobby\u201d, dentro de los cuales el m\u00e1s importante jam\u00e1s fue sincerado como correspond\u00eda; esto es, que YO hago actividades riesgosas porque YO quiero.&#8221;<\/div>\n<div class=\"FuenteReferencia\"><a href=\"https:\/\/www.escalando.org\/anticristo\/a-la-venta\/\">A la venta<\/a><\/div>\n<\/blockquote>\n<div class=\"FuenteReferencia\"><\/div>\n<div class=\"FuenteReferencia\"><\/div>\n<div class=\"FuenteReferencia\"><\/div>\n<div class=\"FuenteReferencia\"><\/div>\n<hr \/>\n<p style=\"text-align: justify; padding-top: 20px;\"><em>Nacida justo en medio de una pol\u00e9mica en uno de los foros de\u00a0<a href=\"http:\/\/www.tricuspide.com\/\" target=\"_blank\" rel=\"noopener\">Tric\u00faspide<\/a>, el otrora m\u00e1s exitoso lugar de encuentro virtual para la comunidad de monta\u00f1istas chilenos, el Anticristo se revel\u00f3 como una figura ins\u00f3lita, deslenguada y pol\u00edticamente incorrecta que trajo algo de equilibrio al an\u00e1lisis serio de la disciplina. Una cuya cobertura es realizada por los medios de comunicaci\u00f3n en forma pobre, ramplona y equivocada.<\/em><\/p>\n<p style=\"text-align: justify;\"><em>Con los a\u00f1os, y a medida que su alcance creci\u00f3, la Columna del Anticristo necesit\u00f3 de un nuevo lugar para continuar con su natural desarrollo; b\u00fasqueda que termin\u00f3 tiempo despu\u00e9s cuando fue acogido por la Revista Escalando, un sitio donde finalmente pudo expresarse sin restricciones y a plena capacidad.<\/em><\/p>\n<p style=\"text-align: justify;\"><em>Aqu\u00ed podr\u00e1n encontrar todos los textos escritos con posterioridad a febrero del 2013. En cuanto a los anteriores a dicha fecha, que suman 100, ellos fueron corregidos, ampliados y agrupados en <a href=\"https:\/\/www.amabook.cl\/cronicas-del-anticristo\" target=\"_blank\" rel=\"noopener\">Cr\u00f3nicas del Anticristo<\/a>; libro publicado en formato digital por Edici\u00f3n Digital en noviembre del 2013 y que no hace m\u00e1s que darle un apropiado repositorio final a ideas que pasan por molestas y arrogantes, pero que no por eso dejan de contribuir al debate.<\/em><\/p>\n<hr \/>\n<p>\u00a0<\/p>\n<p style=\"text-align: justify; padding-top: 0px; padding-left: 10px;\">TAMBI\u00c9N POR RODRIGO FICA:<\/p>\n<div style=\"float: left; padding-left: 40px; padding-top: 25px; padding-right: 20px;\"><img decoding=\"async\" src=\"https:\/\/www.escalando.org\/anticristo\/wp-content\/uploads\/2011\/04\/Bajo-marca-de-la-ira-212x300.jpg\" alt=\"Bajo la marca de la ira\" width=\"50\"><\/div>\n<div style=\"padding-left: 60px; text-align: left; padding-top: 35px;\">BAJO LA MARCA DE LA IRA<a href=\"https:\/\/books.apple.com\/cl\/book\/bajo-la-marca-de-la-ira\/id949917113\" target=\"_blank\" rel=\"noopener\"><em> ( Apple<\/em><\/a><a href=\"https:\/\/www.amazon.com\/-\/es\/Rodrigo-Fica-ebook\/dp\/B00QV9XY9I\" target=\"_blank\" rel=\"noopener\"><em> \/ Kindle <\/em><\/a><a href=\"https:\/\/play.google.com\/store\/books\/details\/Rodrigo_Fica_Bajo_la_Marca_de_la_ira?id=I7gSBgAAQBAJ\" target=\"_blank\" rel=\"noopener\"><em> \/ Android )<\/em><\/a><em><br>Relato del \u00faltimo intento de fines del siglo pasado por realizar el primer cruce mundial longitudinal del Campo de Hielo Sur.<\/em><\/div>\n<p>\u00a0<\/p>\n<div style=\"float: left; padding-left: 40px; padding-right: 20px; padding-top: 25px;\"><img decoding=\"async\" src=\"https:\/\/www.escalando.org\/anticristo\/wp-content\/uploads\/2011\/04\/Portada.4-224x300.jpg\" alt=\"Cr\u00f3nicas del Anticristo\" width=\"50\"><\/div>\n<p style=\"padding-left: 60px; text-align: left; padding-top: 35px;\">CR\u00d3NICAS DEL ANTICRISTO<a href=\"https:\/\/books.apple.com\/cl\/book\/cr%C3%B3nicas-del-anticristo\/id839718676\" target=\"_blank\" rel=\"noopener\"><em> ( Apple<\/em><\/a><a href=\"https:\/\/www.amazon.com\/Cr%C3%B3nicas-Anticristo-Spanish-Rodrigo-Fica-ebook\/dp\/B00GTU23IM\/ref=sr_1_1?qid=1682951875&#038;refinements=p_27%3ARodrigo+Fica&#038;s=digital-text&#038;sr=1-1&#038;text=Rodrigo+Fica\" target=\"_blank\" rel=\"noopener\"><em> \/ Kindle <\/em><\/a><a href=\"https:\/\/play.google.com\/store\/books\/details\/Rodrigo_Fica_Cr%C3%B3nicas_del_Anticristo?id=0FXgAwAAQBAJ\" target=\"_blank\" rel=\"noopener\"><em> \/ Android )<\/em><\/a><em><br>Compilaci\u00f3n con las primeras 100 columnas escritas por el Anticristo. Incluye las escaladas m\u00e1s importantes realizados por la comunidad nacional de monta\u00f1istas. <\/em><\/p>\n<p>\u00a0<\/p>\n<div style=\"float: left; padding-left: 40px; padding-top: 25px; padding-right: 20px;\"> <img decoding=\"async\" src=\"https:\/\/www.escalando.org\/anticristo\/wp-content\/uploads\/2017\/03\/La-esclativud-del-miedo.jpg\" alt=\"La esclavitud del miedo\" width=\"50\"><\/div>\n<p style=\"padding-left: 60px; padding-top: 35px; text-align: left;\"><em>LA ESCLAVITUD DEL MIEDO<a href=\"https:\/\/books.apple.com\/cl\/book\/la-esclavitud-del-miedo\/id1190360903\" target=\"_blank\" rel=\"noopener\"><em> ( Apple<\/em><\/a><a href=\"https:\/\/www.amazon.com\/esclavitud-del-miedo-Spanish-ebook\/dp\/B01N9TNXV9\/ref=sr_1_3?qid=1682951926&#038;refinements=p_27%3ARodrigo+Fica&#038;s=digital-text&#038;sr=1-3&#038;text=Rodrigo+Fica\" target=\"_blank\" rel=\"noopener\"><em> \/ Kindle <\/em><\/a><a href=\"https:\/\/play.google.com\/store\/books\/details\/Rodrigo_Fica_P%C3%A9rez_La_esclavitud_del_miedo?id=PqhyDwAAQBAJ\" target=\"_blank\" rel=\"noopener\"><em> \/ Android )<\/em><\/a><em><br>La historia de las expediciones chilenas en Himalaya (hasta el a\u00f1o 2012) y sus respectivos esfuerzos por sobrevivir a los misterios de la zona de la muerte.<\/em><\/p>\n<p>\u00a0<\/p>\n<div style=\"float: left; padding-left: 40px; padding-top: 25px; padding-right: 20px;\"> <img decoding=\"async\" src=\"https:\/\/www.escalando.org\/anticristo\/wp-content\/uploads\/2021\/09\/portada_Fica_3.jpg\" alt=\"No me olviden\" width=\"50\"><\/div>\n<p style=\"padding-left: 60px; padding-top: 35px; text-align: left;\"><em>NO ME OLVIDEN<a href=\"https:\/\/books.apple.com\/cl\/book\/no-me-olviden\/id1584701356\" target=\"_blank\" rel=\"noopener\"><em> ( Apple<\/em><\/a><a href=\"https:\/\/www.amazon.com\/No-olviden-Spanish-Rodrigo-Fica-ebook\/dp\/B09B934HDW\/ref=sr_1_2?qid=1682951926&#038;refinements=p_27%3ARodrigo+Fica&#038;s=digital-text&#038;sr=1-2&#038;text=Rodrigo+Fica\" target=\"_blank\" rel=\"noopener\"><em> \/ Kindle <\/em><\/a><a href=\"https:\/\/play.google.com\/store\/books\/details\/Rodrigo_Fica_No_me_olviden?id=Uh06EAAAQBAJ\" target=\"_blank\" rel=\"noopener\"><em> \/ Android <\/em><\/a><a href=\"https:\/\/www.buscalibre.cl\/libro-no-me-olviden\/9789560950604\/p\/54463545\" target=\"_blank\" rel=\"noopener\"><em> \/ Version papel )<\/em><\/a><em><br>Recopilaci\u00f3n de todos los accidentes fatales ocurridos en los ambientes de monta\u00f1a de Chile, por interacci\u00f3n riesgosa, entre los a\u00f1os 1900 y 2019.<\/em><\/p>\n<p>\u00a0<\/p>\n<div style=\"float: left; padding-left: 40px; padding-top: 25px; padding-right: 20px;\"> <img decoding=\"async\" src=\"https:\/\/www.escalando.org\/anticristo\/wp-content\/uploads\/2025\/01\/Portada_Marco.png\" alt=\"El Ajo de Molibdeno\" width=\"50\"><\/div>\n<p style=\"padding-left: 60px; padding-top: 35px; text-align: left;\"><em>EL AJO DE MOLIBDENO<a href=\"https:\/\/xn--editorialchilenademontaa-nlc.com\/producto\/cronicas-del-anticristo\/\" target=\"_blank\" rel=\"noopener\"><em> (  Version papel )<\/em><\/a><em><br>El regreso del Anticristo, con un trabajo que se inspira de los 50 mejores textos de \u201cCr\u00f3nica del Anticristo&#8221;, para alcanzar nuevos espacios.<\/em><\/p>\n<p>\u00a0<\/p>\n<hr>\n<p>\u00a0<\/p>\n<hr \/>\n<p>&nbsp;<\/p>\n<p>&nbsp;<\/p>\n<p>&nbsp;<\/p>\n<!-- divi:html \/-->\n<p>&nbsp;<\/p>\n<p>&nbsp;<\/p>\n<!-- divi:paragraph -->\n<p>&nbsp;<\/p>\n<p>&nbsp;<\/p>\n<!-- \/divi:paragraph -->[\/et_pb_text][\/et_pb_column][et_pb_column type=&#8221;1_4&#8243; _builder_version=&#8221;3.25&#8243; custom_padding=&#8221;|||&#8221; global_colors_info=&#8221;{}&#8221; custom_padding__hover=&#8221;|||&#8221;][et_pb_sidebar _builder_version=&#8221;4.12.0&#8243; _module_preset=&#8221;default&#8221; custom_margin=&#8221;|-38px|||false|false&#8221; custom_margin_tablet=&#8221;|-38px|||false|false&#8221; custom_margin_phone=&#8221;|0px|||false|false&#8221; custom_margin_last_edited=&#8221;on|phone&#8221; custom_padding=&#8221;||||false|false&#8221; global_colors_info=&#8221;{}&#8221;][\/et_pb_sidebar][\/et_pb_column][\/et_pb_row][\/et_pb_section]\n\n<!-- Facebook Like Button v1.9.6 BEGIN [http:\/\/blog.bottomlessinc.com] -->\n<iframe src=\"http:\/\/www.facebook.com\/plugins\/like.php?href=https%3A%2F%2Fwww.escalando.org%2Fanticristo%2F&amp;layout=standard&amp;show_faces=true&amp;width=450&amp;action=like&amp;colorscheme=light\" scrolling=\"no\" frameborder=\"0\" allowTransparency=\"true\" style=\"border:none; overflow:hidden; width:450px; height: 100px; align: left; margin: 20px 0px 2px 0px\"><\/iframe>\n<!-- Facebook Like Button END -->\n","protected":false},"excerpt":{"rendered":"<p>La Columna del Anticristo &nbsp; &#8220;Porque hemos tenido zillones de oportunidades en el pasado para transmitir correctamente los fundamentos de nuestro \u201chobby\u201d, dentro de los cuales el m\u00e1s importante jam\u00e1s fue sincerado como correspond\u00eda; esto es, que YO hago actividades riesgosas porque YO quiero.&#8221; A la venta Nacida justo en medio de una pol\u00e9mica en [&hellip;]<\/p>\n","protected":false},"author":2,"featured_media":831,"parent":0,"menu_order":0,"comment_status":"closed","ping_status":"closed","template":"","meta":{"_et_pb_use_builder":"on","_et_pb_old_content":"<hr>\n<p>&nbsp;<\/p>\n<div class=\"Referencia\">\"Entonces\u2026 usando nada m\u00e1s que los datos del Per\u00edodo Contempor\u00e1neo (1990 en adelante), empleando el mencionado marco conceptual (definido en <em>No me olviden<\/em>) y utilizando un modelo AR4 (auto regresivo con 4 rezagos), se obtiene que, para el lustro siguiente al 2019 (que es la fecha de t\u00e9rmino de la investigaci\u00f3n), hay un 90% de probabilidades que se produzcan entre 36 y 39 nuevas v\u00edctimas.\"<\/div>\n<div class=\"FuenteReferencia\"><a href=\"http:\/\/www.escalando.org\/anticristo\/janus\/\">Janus<\/a><\/div>\n<hr>\n<p style=\"text-align: justify; padding-top: 20px;\"><em>Nacida justo en medio de una pol\u00e9mica en uno de los foros de&nbsp;<a href=\"http:\/\/www.tricuspide.com\/\" target=\"_blank\" rel=\"noopener\">Tric\u00faspide<\/a>, el otrora m\u00e1s exitoso lugar de encuentro virtual para la comunidad de monta\u00f1istas chilenos, el Anticristo se revel\u00f3 como una figura ins\u00f3lita, deslenguada y pol\u00edticamente incorrecta que trajo algo de equilibrio al an\u00e1lisis serio de la disciplina. Una cuya cobertura es realizada por los medios de comunicaci\u00f3n en forma pobre, ramplona y equivocada.<\/em><\/p>\n<p style=\"text-align: justify;\"><em>Con los a\u00f1os, y a medida que su alcance creci\u00f3, la Columna del Anticristo necesit\u00f3 de un nuevo lugar para continuar con su natural desarrollo; b\u00fasqueda que termin\u00f3 tiempo despu\u00e9s cuando fue acogido por la Revista Escalando, un sitio donde finalmente pudo expresarse sin restricciones y a plena capacidad.<\/em><\/p>\n<p style=\"text-align: justify;\"><em>Aqu\u00ed podr\u00e1n encontrar todos los textos escritos con posterioridad a febrero del 2013. En cuanto a los anteriores a dicha fecha, que suman 100, ellos fueron corregidos, ampliados y agrupados en <a href=\"https:\/\/www.amabook.cl\/cronicas-del-anticristo\" target=\"_blank\" rel=\"noopener\">Cr\u00f3nicas del Anticristo<\/a>; libro publicado en formato digital por Edici\u00f3n Digital en noviembre del 2013 y que no hace m\u00e1s que darle un apropiado repositorio final a ideas que pasan por molestas y arrogantes, pero que no por eso dejan de contribuir al debate.<\/em><\/p>\n<hr>\n<p style=\"text-align: justify; padding-top: 30px; padding-left: 10px;\">TAMBI\u00c9N POR RODRIGO FICA:<\/p>\n<div style=\"float: left; padding-left: 40px; padding-top: 25px; padding-right: 20px;\"><a href=\"https:\/\/www.amabook.cl\/bajo-la-marca-de-la-ira\" target=\"_blank\" rel=\"noopener\"><img src=\"http:\/\/www.escalando.org\/anticristo\/wp-content\/uploads\/2011\/04\/Bajo-marca-de-la-ira-212x300.jpg\" alt=\"Bajo la marca de la ira\" width=\"50\"><\/a><\/div>\n<p style=\"padding-left: 60px; text-align: left; padding-top: 35px;\"><a href=\"https:\/\/www.amabook.cl\/bajo-la-marca-de-la-ira\" target=\"_blank\" rel=\"noopener\"><em>Bajo la marca de la ira<\/em><\/a><em>.<br>Relato del \u00faltimo intento de fines del siglo pasado por realizar el primer cruce mundial longitudinal del Campo de Hielo Sur.<\/em><\/p>\n<p>&nbsp;<\/p>\n<div style=\"float: left; padding-left: 40px; padding-right: 20px; padding-top: 25px;\"><a href=\"https:\/\/www.amabook.cl\/cronicas-del-anticristo\" target=\"_blank\" rel=\"noopener\"><img src=\"http:\/\/www.escalando.org\/anticristo\/wp-content\/uploads\/2011\/04\/Portada.4-224x300.jpg\" alt=\"Cr\u00f3nicas del Anticristo\" width=\"50\"><\/a><\/div>\n<p style=\"padding-left: 60px; text-align: left; padding-top: 35px;\"><em><a href=\"https:\/\/www.amabook.cl\/cronicas-del-anticristo\" target=\"_blank\" rel=\"noopener\">Cr\u00f3nicas del Anticristo<\/a>.<br>Compilaci\u00f3n con las primeras 100 columnas escritas por el Anticristo. Incluye detalle de las escaladas m\u00e1s importantes realizados por la comunidad nacional de monta\u00f1istas. <\/em><\/p>\n<p>&nbsp;<\/p>\n<div style=\"float: left; padding-left: 40px; padding-top: 25px; padding-right: 20px;\"><a href=\"https:\/\/www.amabook.cl\/la-esclavitud-del-miedo\" target=\"_blank\" rel=\"noopener\"> <img src=\"http:\/\/www.escalando.org\/anticristo\/wp-content\/uploads\/2017\/03\/La-esclativud-del-miedo.jpg\" alt=\"La esclavitud del miedo\" width=\"50\"><\/a><\/div>\n<p style=\"padding-left: 60px; padding-top: 35px; text-align: left;\"><em><a href=\"https:\/\/www.amabook.cl\/la-esclavitud-del-miedo\" target=\"_blank\" rel=\"noopener\">La esclavitud del miedo<\/a>.<br>La historia de las expediciones chilenas en Himalaya (hasta el a\u00f1o 2012) y sus respectivos esfuerzos por sobrevivir a los misterios de la zona de la muerte.<\/em><\/p>\n<p>&nbsp;<\/p>\n<div style=\"float: left; padding-left: 40px; padding-top: 25px; padding-right: 20px;\"><a href=\"https:\/\/www.outchilestore.com\/post-lanzamiento\" target=\"_blank\" rel=\"noopener\"> <img src=\"http:\/\/www.escalando.org\/anticristo\/wp-content\/uploads\/2021\/09\/portada_Fica_3.jpg\" alt=\"La esclavitud del miedo\" width=\"50\"><\/a><\/div>\n<p style=\"padding-left: 60px; padding-top: 35px; text-align: left;\"><em><a href=\"https:\/\/www.outchilestore.com\/post-lanzamiento\" target=\"_blank\" rel=\"noopener\">No me olviden<\/a>.<br>Recopilaci\u00f3n de todos los accidentes fatales ocurridos en los ambientes de monta\u00f1a de Chile, por interacci\u00f3n riesgosa, entre los a\u00f1os 1900 y 2019.<\/em><\/p>\n<p>&nbsp;<\/p>\n<hr>\n<p>&nbsp;<\/p>\n\n<!-- wp:html \/-->\n\n<!-- wp:paragraph -->\n<p><\/p>\n<!-- \/wp:paragraph -->","_et_gb_content_width":"","_s2mail":"yes","footnotes":""},"class_list":["post-50","page","type-page","status-publish","has-post-thumbnail","hentry"],"_links":{"self":[{"href":"https:\/\/www.escalando.org\/anticristo\/wp-json\/wp\/v2\/pages\/50","targetHints":{"allow":["GET"]}}],"collection":[{"href":"https:\/\/www.escalando.org\/anticristo\/wp-json\/wp\/v2\/pages"}],"about":[{"href":"https:\/\/www.escalando.org\/anticristo\/wp-json\/wp\/v2\/types\/page"}],"author":[{"embeddable":true,"href":"https:\/\/www.escalando.org\/anticristo\/wp-json\/wp\/v2\/users\/2"}],"replies":[{"embeddable":true,"href":"https:\/\/www.escalando.org\/anticristo\/wp-json\/wp\/v2\/comments?post=50"}],"version-history":[{"count":266,"href":"https:\/\/www.escalando.org\/anticristo\/wp-json\/wp\/v2\/pages\/50\/revisions"}],"predecessor-version":[{"id":1460,"href":"https:\/\/www.escalando.org\/anticristo\/wp-json\/wp\/v2\/pages\/50\/revisions\/1460"}],"wp:featuredmedia":[{"embeddable":true,"href":"https:\/\/www.escalando.org\/anticristo\/wp-json\/wp\/v2\/media\/831"}],"wp:attachment":[{"href":"https:\/\/www.escalando.org\/anticristo\/wp-json\/wp\/v2\/media?parent=50"}],"curies":[{"name":"wp","href":"https:\/\/api.w.org\/{rel}","templated":true}]}}